{"id":49364,"date":"2017-09-19T07:40:45","date_gmt":"2017-09-19T06:40:45","guid":{"rendered":"http:\/\/www.ventilace-helios.cz\/?page_id=49364"},"modified":"2024-12-19T14:59:52","modified_gmt":"2024-12-19T13:59:52","slug":"home","status":"publish","type":"page","link":"https:\/\/www.ventilace-helios.cz\/sk\/","title":{"rendered":"Home SK"},"content":{"rendered":"<div class=\"wpb-content-wrapper\"><p>[vc_row unlock_row_content=&#8220;yes&#8220; row_height_percent=&#8220;0&#8243; override_padding=&#8220;yes&#8220; h_padding=&#8220;0&#8243; top_padding=&#8220;0&#8243; bottom_padding=&#8220;0&#8243; back_color=&#8220;color-xsdn&#8220; overlay_alpha=&#8220;50&#8243; equal_height=&#8220;yes&#8220; gutter_size=&#8220;0&#8243; column_width_percent=&#8220;100&#8243; shift_y=&#8220;0&#8243; z_index=&#8220;0&#8243; uncode_shortcode_id=&#8220;153979&#8243; back_color_type=&#8220;uncode-palette&#8220;][vc_column column_width_percent=&#8220;100&#8243; position_vertical=&#8220;middle&#8220; gutter_size=&#8220;4&#8243; override_padding=&#8220;yes&#8220; column_padding=&#8220;5&#8243; style=&#8220;light&#8220; overlay_alpha=&#8220;50&#8243; shift_x=&#8220;0&#8243; shift_y=&#8220;0&#8243; shift_y_down=&#8220;0&#8243; z_index=&#8220;0&#8243; medium_width=&#8220;0&#8243; align_mobile=&#8220;align_center_mobile&#8220; mobile_width=&#8220;0&#8243; width=&#8220;1\/2&#8243; uncode_shortcode_id=&#8220;117847&#8243;][vc_custom_heading heading_semantic=&#8220;h3&#8243; text_size=&#8220;fontsize-155944&#8243; uncode_shortcode_id=&#8220;860752&#8243;]Elegantn\u00e1 \u010dierna ed\u00edcia +Black[\/vc_custom_heading][vc_row_inner row_inner_height_percent=&#8220;0&#8243; overlay_alpha=&#8220;50&#8243; gutter_size=&#8220;4&#8243; shift_y=&#8220;0&#8243; z_index=&#8220;0&#8243; inverted_device_order=&#8220;yes&#8220; uncode_shortcode_id=&#8220;178492&#8243; limit_content=&#8220;&#8220;][vc_column_inner column_width_percent=&#8220;100&#8243; gutter_size=&#8220;3&#8243; style=&#8220;light&#8220; overlay_alpha=&#8220;50&#8243; shift_x=&#8220;0&#8243; shift_y=&#8220;0&#8243; shift_y_down=&#8220;0&#8243; z_index=&#8220;0&#8243; medium_width=&#8220;4&#8243; align_mobile=&#8220;align_center_mobile&#8220; mobile_width=&#8220;0&#8243; width=&#8220;1\/2&#8243; uncode_shortcode_id=&#8220;200139&#8243;][vc_column_text uncode_shortcode_id=&#8220;123336&#8243;]Nov\u00fd rad tich\u00fdch miniventil\u00e1torov Helios MiniVent M1 a predn\u00fdch krytov Helios ELS pre v\u00fdkonn\u00e9 ventil\u00e1tory prin\u00e1\u0161a do k\u00fape\u013en\u00ed elegantn\u00fa \u010diernu farbu, ktor\u00e1 dod\u00e1va priestoru modern\u00fd a \u0161t\u00fdlov\u00fd vzh\u013ead. S\u00e9ria +black je odpove\u010fou spolo\u010dnosti Helios Ventilatoren na s\u00fa\u010dasn\u00e9 dizajnov\u00e9 trendy smeruj\u00face k tmav\u00fdm farb\u00e1m v k\u00fape\u013eniach.[\/vc_column_text][vc_empty_space][vc_button button_color=&#8220;color-jevc&#8220; size=&#8220;btn-sm&#8220; outline=&#8220;yes&#8220; border_width=&#8220;0&#8243; display=&#8220;inline&#8220; scale_mobile=&#8220;no&#8220; link=&#8220;url:http%3A%2F%2Fwww.est-praha.cz%2Fkatalogy%2Fhelios%2FHelios-black.pdf|target:_blank&#8220; icon=&#8220;fa fa-file-pdf-o&#8220; onclick=&#8220;goog_report_conversion (&#8218;http:\/\/www.est-shop.cz\/kategorie\/axialni-ventilatory-m1\/&#8216;)&#8220; button_color_type=&#8220;uncode-palette&#8220; uncode_shortcode_id=&#8220;940969&#8243;]Bro\u017e\u00fara +Black[\/vc_button][vc_button button_color=&#8220;color-jevc&#8220; size=&#8220;btn-sm&#8220; border_width=&#8220;0&#8243; display=&#8220;inline&#8220; scale_mobile=&#8220;no&#8220; link=&#8220;url:https%3A%2F%2Fwww.est-shop.sk%2Fkategoria%2Fkupelnove-ventilatory%2F%3Futm_source%3Dmicrosite%26utm_medium%3Dlink%26utm_campaign%3Dhelios|target:_blank&#8220; icon=&#8220;fa fa-shopping-cart&#8220; button_color_type=&#8220;uncode-palette&#8220; uncode_shortcode_id=&#8220;399145&#8243;]K\u00fapi\u0165[\/vc_button][\/vc_column_inner][vc_column_inner column_width_percent=&#8220;100&#8243; gutter_size=&#8220;3&#8243; overlay_alpha=&#8220;50&#8243; shift_x=&#8220;0&#8243; shift_y=&#8220;0&#8243; shift_y_down=&#8220;0&#8243; z_index=&#8220;0&#8243; medium_width=&#8220;4&#8243; align_mobile=&#8220;align_center_mobile&#8220; mobile_width=&#8220;0&#8243; width=&#8220;1\/2&#8243; uncode_shortcode_id=&#8220;130663&#8243;][vc_single_image media=&#8220;50039&#8243; media_width_percent=&#8220;85&#8243; alignment=&#8220;center&#8220; uncode_shortcode_id=&#8220;164370&#8243;][\/vc_column_inner][\/vc_row_inner][\/vc_column][vc_column column_width_percent=&#8220;100&#8243; gutter_size=&#8220;3&#8243; back_image=&#8220;50025&#8243; overlay_alpha=&#8220;50&#8243; shift_x=&#8220;0&#8243; shift_y=&#8220;0&#8243; shift_y_down=&#8220;0&#8243; z_index=&#8220;0&#8243; medium_width=&#8220;0&#8243; mobile_width=&#8220;0&#8243; width=&#8220;1\/2&#8243; uncode_shortcode_id=&#8220;199961&#8243; mobile_height=&#8220;400&#8243;][\/vc_column][\/vc_row][vc_row row_height_percent=&#8220;0&#8243; override_padding=&#8220;yes&#8220; h_padding=&#8220;2&#8243; top_padding=&#8220;4&#8243; bottom_padding=&#8220;4&#8243; back_color=&#8220;color-uydo&#8220; overlay_alpha=&#8220;50&#8243; gutter_size=&#8220;3&#8243; shift_y=&#8220;0&#8243; row_name=&#8220;kontakt&#8220;][vc_column width=&#8220;1\/1&#8243;][vc_custom_heading text_font=&#8220;font-762333&#8243; text_size=&#8220;h1&#8243; text_space=&#8220;fontspace-781688&#8243; sub_lead=&#8220;yes&#8220; text_align=&#8220;text-center&#8220; text_uppercase=&#8220;&#8220; text_serif=&#8220;&#8220;]Kontakt[\/vc_custom_heading][vc_row_inner row_inner_height_percent=&#8220;0&#8243; overlay_alpha=&#8220;50&#8243; gutter_size=&#8220;4&#8243; shift_y=&#8220;0&#8243; limit_content=&#8220;&#8220;][vc_column_inner column_width_percent=&#8220;100&#8243; gutter_size=&#8220;3&#8243; overlay_alpha=&#8220;50&#8243; shift_x=&#8220;0&#8243; shift_y=&#8220;0&#8243; z_index=&#8220;0&#8243; medium_width=&#8220;0&#8243; width=&#8220;1\/1&#8243;][vc_column_text uncode_shortcode_id=&#8220;736241&#8243;]<strong>EST Elektro-System-Technik, s.r.o.<br \/>\nZast\u00fapenie zna\u010dky Helios v Slovenskej republike<\/strong><\/p>\n<p>Teheln\u00e1 1774\/31,<br \/>\nSK \u2013\u00a0915 01\u00a0Nov\u00e9 Mesto nad V\u00e1hom<br \/>\nT: +421 327 740 810<br \/>\nE: <a class=\"underline\" href=\"mailto:info%40est-slovensko.sk\">info@est-slovensko.sk<\/a><br \/>\n<a class=\"underline\" href=\"http:\/\/www.est-slovensko.sk\" target=\"_blank\" rel=\"noopener\">www.est-slovensko.sk<\/a><\/p>\n<p>M\u00e1me aj firemn\u00fd\u00a0<a class=\"underline\" href=\"https:\/\/www.facebook.com\/ESTsro\" target=\"_blank\" rel=\"noopener\">Facebook<\/a>[\/vc_column_text][\/vc_column_inner][\/vc_row_inner][\/vc_column][\/vc_row]<\/p>\n<\/div>","protected":false},"excerpt":{"rendered":"<p>[vc_row unlock_row_content=&#8220;yes&#8220; row_height_percent=&#8220;0&#8243; override_padding=&#8220;yes&#8220; h_padding=&#8220;0&#8243; top_padding=&#8220;0&#8243; bottom_padding=&#8220;0&#8243; back_color=&#8220;color-xsdn&#8220; overlay_alpha=&#8220;50&#8243; equal_height=&#8220;yes&#8220; gutter_size=&#8220;0&#8243; column_width_percent=&#8220;100&#8243; shift_y=&#8220;0&#8243; z_index=&#8220;0&#8243; uncode_shortcode_id=&#8220;153979&#8243; back_color_type=&#8220;uncode-palette&#8220;][vc_column column_width_percent=&#8220;100&#8243; position_vertical=&#8220;middle&#8220; gutter_size=&#8220;4&#8243; override_padding=&#8220;yes&#8220; [&hellip;]<\/p>\n","protected":false},"author":3,"featured_media":0,"parent":0,"menu_order":0,"comment_status":"closed","ping_status":"closed","template":"","meta":{"footnotes":""},"class_list":["post-49364","page","type-page","status-publish","hentry"],"_links":{"self":[{"href":"https:\/\/www.ventilace-helios.cz\/sk\/wp-json\/wp\/v2\/pages\/49364","targetHints":{"allow":["GET"]}}],"collection":[{"href":"https:\/\/www.ventilace-helios.cz\/sk\/wp-json\/wp\/v2\/pages"}],"about":[{"href":"https:\/\/www.ventilace-helios.cz\/sk\/wp-json\/wp\/v2\/types\/page"}],"author":[{"embeddable":true,"href":"https:\/\/www.ventilace-helios.cz\/sk\/wp-json\/wp\/v2\/users\/3"}],"replies":[{"embeddable":true,"href":"https:\/\/www.ventilace-helios.cz\/sk\/wp-json\/wp\/v2\/comments?post=49364"}],"version-history":[{"count":10,"href":"https:\/\/www.ventilace-helios.cz\/sk\/wp-json\/wp\/v2\/pages\/49364\/revisions"}],"predecessor-version":[{"id":50050,"href":"https:\/\/www.ventilace-helios.cz\/sk\/wp-json\/wp\/v2\/pages\/49364\/revisions\/50050"}],"wp:attachment":[{"href":"https:\/\/www.ventilace-helios.cz\/sk\/wp-json\/wp\/v2\/media?parent=49364"}],"curies":[{"name":"wp","href":"https:\/\/api.w.org\/{rel}","templated":true}]}}